{"id":3330,"date":"2022-01-21T02:50:08","date_gmt":"2022-01-21T02:50:08","guid":{"rendered":"http:\/\/tendenciascortinasypersianas.com\/1\/?page_id=3330"},"modified":"2022-01-21T02:54:41","modified_gmt":"2022-01-21T02:54:41","slug":"papel-de-colgadura","status":"publish","type":"page","link":"https:\/\/tendenciascortinasypersianas.com\/1\/papel-de-colgadura\/","title":{"rendered":"PAPEL DE COLGADURA"},"content":{"rendered":"<ul>\n<li>\n<h3><a href=\"http:\/\/persianasbuga.com\/cat\/papel\/CAT%c3%81LOGO%20GR%c3%81FICOS%20JULIO.pdf\">CATALOGO GR\u00c1FICOS JULIO<\/a><\/h3>\n<\/li>\n<li>\n<h3><a href=\"http:\/\/persianasbuga.com\/cat\/papel\/CAT%c3%81LOGO%20INFANTIL%20JULIO%20.pdf\">CAT<\/a><a href=\"http:\/\/persianasbuga.com\/cat\/papel\/CAT%c3%81LOGO%20GR%c3%81FICOS%20JULIO.pdf\">A<\/a><a href=\"http:\/\/persianasbuga.com\/cat\/papel\/CAT%c3%81LOGO%20INFANTIL%20JULIO%20.pdf\">LOGO INFANTIL JULIO <\/a><\/h3>\n<\/li>\n<li>\n<h3><a href=\"http:\/\/persianasbuga.com\/cat\/papel\/CAT%c3%81LOGO%20LIQUIDACI%c3%93N.pdf\">CATALOGO LIQUIDACI\u00f3N<\/a><\/h3>\n<\/li>\n<li>\n<h3><a href=\"http:\/\/persianasbuga.com\/cat\/papel\/CAT%c3%81LOGO%20LUXO%20JULIO.pdf\">CATALOGO LUXO JULIO<\/a><\/h3>\n<\/li>\n<li>\n<h3><a href=\"http:\/\/persianasbuga.com\/cat\/papel\/CAT%c3%81LOGO%20REVELATION.pdf\">CATALOGO REVELATION<\/a><\/h3>\n<\/li>\n<li>\n<h3><a href=\"http:\/\/persianasbuga.com\/cat\/papel\/CAT%c3%81LOGO%20TEXTURAS%20%20JULIO.pdf\">CATALOGO TEXTURAS JULIO<\/a><\/h3>\n<\/li>\n<li>\n<h3><a href=\"http:\/\/persianasbuga.com\/cat\/papel\/COLECCI%c3%93N%20SAFRA%20COLGADURA.pdf\">COLECCI\u00d3N SAFRA COLGADURA<\/a><\/h3>\n<\/li>\n<li>\n<h3><a href=\"http:\/\/persianasbuga.com\/cat\/papel\/MURALES%20ALPHA.pdf\">MURALES ALPHA<\/a><\/h3>\n<\/li>\n<li>\n<h3><a href=\"http:\/\/persianasbuga.com\/cat\/papel\/MURALES%20AMAZON%20(1)%20(2).pdf\">MURALES AMAZON (1) (2)<\/a><\/h3>\n<\/li>\n<li>\n<h3><a href=\"http:\/\/persianasbuga.com\/cat\/papel\/PAPEL%20DE%20COLGADURA%20CONCEPTOS.pdf\">PAPEL DE COLGADURA CONCEPTOS<\/a><\/h3>\n<\/li>\n<li>\n<h3><a href=\"http:\/\/persianasbuga.com\/cat\/papel\/PAPEL%20DE%20COLGADURA%20JAPANDI.pdf\">PAPEL DE COLGADURA JAPANDI<\/a><\/h3>\n<\/li>\n<li>\n<h3><a href=\"http:\/\/persianasbuga.com\/cat\/papel\/PAPEL%20DE%20COLGADURA%20ORIGAMI%20I.pdf\">PAPEL DE COLGADURA ORIGAMI I<\/a><\/h3>\n<\/li>\n<li>\n<h3><a href=\"http:\/\/persianasbuga.com\/cat\/papel\/PAPEL%20DE%20COLGADURA%20ORIGAMI%20II.pdf\">PAPEL DE COLGADURA ORIGAMI II<\/a><\/h3>\n<\/li>\n<\/ul>\n","protected":false},"excerpt":{"rendered":"<p>CATALOGO GR\u00c1FICOS JULIO CATALOGO INFANTIL JULIO CATALOGO LIQUIDACI\u00f3N CATALOGO LUXO JULIO CATALOGO REVELATION CATALOGO TEXTURAS JULIO COLECCI\u00d3N SAFRA COLGADURA MURALES ALPHA MURALES AMAZON (1) (2) PAPEL DE COLGADURA CONCEPTOS PAPEL DE COLGADURA JAPANDI PAPEL DE COLGADURA ORIGAMI I PAPEL DE COLGADURA ORIGAMI II<\/p>\n","protected":false},"author":1,"featured_media":0,"parent":0,"menu_order":0,"comment_status":"closed","ping_status":"closed","template":"","meta":{"footnotes":""},"class_list":["post-3330","page","type-page","status-publish","hentry"],"_links":{"self":[{"href":"https:\/\/tendenciascortinasypersianas.com\/1\/wp-json\/wp\/v2\/pages\/3330","targetHints":{"allow":["GET"]}}],"collection":[{"href":"https:\/\/tendenciascortinasypersianas.com\/1\/wp-json\/wp\/v2\/pages"}],"about":[{"href":"https:\/\/tendenciascortinasypersianas.com\/1\/wp-json\/wp\/v2\/types\/page"}],"author":[{"embeddable":true,"href":"https:\/\/tendenciascortinasypersianas.com\/1\/wp-json\/wp\/v2\/users\/1"}],"replies":[{"embeddable":true,"href":"https:\/\/tendenciascortinasypersianas.com\/1\/wp-json\/wp\/v2\/comments?post=3330"}],"version-history":[{"count":3,"href":"https:\/\/tendenciascortinasypersianas.com\/1\/wp-json\/wp\/v2\/pages\/3330\/revisions"}],"predecessor-version":[{"id":3333,"href":"https:\/\/tendenciascortinasypersianas.com\/1\/wp-json\/wp\/v2\/pages\/3330\/revisions\/3333"}],"wp:attachment":[{"href":"https:\/\/tendenciascortinasypersianas.com\/1\/wp-json\/wp\/v2\/media?parent=3330"}],"curies":[{"name":"wp","href":"https:\/\/api.w.org\/{rel}","templated":true}]}}