{"id":3237,"date":"2022-01-19T01:11:12","date_gmt":"2022-01-19T01:11:12","guid":{"rendered":"http:\/\/tendenciascortinasypersianas.com\/1\/?page_id=3237"},"modified":"2022-01-28T00:49:55","modified_gmt":"2022-01-28T00:49:55","slug":"cortina-onda-serena","status":"publish","type":"page","link":"https:\/\/tendenciascortinasypersianas.com\/1\/cortina-onda-serena\/","title":{"rendered":"Cortina Onda Serena"},"content":{"rendered":"<p>[vc_row][vc_column offset=&#8221;vc_col-lg-offset-1 vc_col-lg-10 vc_col-md-12&#8243; el_class=&#8221;lg-col-pd-left-right-15&#8243; css=&#8221;.vc_custom_1620197640542{padding-right: 85px !important;padding-left: 85px !important;}&#8221;][vc_column_text css=&#8221;.vc_custom_1642554559865{margin-bottom: 0px !important;}&#8221;]<\/p>\n<div class=\"elementor-element elementor-element-9da1cb2 elementor-blockquote--skin-border elementor-blockquote--button-color-official elementor-widget elementor-widget-blockquote\" data-id=\"9da1cb2\" data-element_type=\"widget\" data-widget_type=\"blockquote.default\">\n<div class=\"elementor-widget-container\">\n<div class=\"elementor-element elementor-element-14ded3d elementor-blockquote--skin-border elementor-blockquote--button-color-official elementor-widget elementor-widget-blockquote\" data-id=\"14ded3d\" data-element_type=\"widget\" data-widget_type=\"blockquote.default\">\n<div class=\"elementor-widget-container\">\n<div class=\"elementor-element elementor-element-5a078c3 elementor-blockquote--skin-border elementor-blockquote--button-color-official elementor-widget elementor-widget-blockquote\" data-id=\"5a078c3\" data-element_type=\"widget\" data-widget_type=\"blockquote.default\">\n<div class=\"elementor-widget-container\">\n<div class=\"elementor-element elementor-element-ee89f40 elementor-blockquote--skin-border elementor-blockquote--button-color-official elementor-widget elementor-widget-blockquote\" data-id=\"ee89f40\" data-element_type=\"widget\" data-widget_type=\"blockquote.default\">\n<div class=\"elementor-widget-container\">\n<p data-uw-styling-context=\"true\"><span style=\"color: #333333;\">Las cortinas cl\u00e1sicas regresan, con m\u00e1s elegancia que nunca, para hacer parte de la decoraci\u00f3n moderna y convertirse en un protagonista de los espacios.<\/span><\/p>\n<p data-uw-styling-context=\"true\"><span style=\"color: #333333;\">Las cortinas tradicionales fueron, durante muchas d\u00e9cadas el producto m\u00e1s popular en el cubrimiento de ventanas, hasta que en los a\u00f1os 80\u00b4s la cortina tradicional empieza a ser reemplazada por otro tipo de productos como las\u00a0<a style=\"color: #333333;\" href=\"https:\/\/www.persianaspentagrama.com\/persianas-de-aluminio\/\" data-uw-styling-context=\"true\">persianas de aluminio<\/a>, las\u00a0<a style=\"color: #333333;\" href=\"https:\/\/www.persianaspentagrama.com\/persianas-de-madera\/\" data-uw-styling-context=\"true\">persianas de madera<\/a>, las\u00a0<a style=\"color: #333333;\" href=\"https:\/\/www.persianaspentagrama.com\/persianas-verticales\/\" data-uw-styling-context=\"true\">verticales<\/a>, y un poco m\u00e1s adelante por las\u00a0<a style=\"color: #333333;\" href=\"https:\/\/www.persianaspentagrama.com\/persianas-y-cortinas-enrollables\/\" data-uw-styling-context=\"true\">enrollables<\/a>, los\u00a0<a style=\"color: #333333;\" href=\"https:\/\/www.persianaspentagrama.com\/panel-japones\/\" data-uw-styling-context=\"true\">p\u00e1neles<\/a>\u00a0y las\u00a0<a style=\"color: #333333;\" href=\"https:\/\/www.persianaspentagrama.com\/cortinas-romanas\/\" data-uw-styling-context=\"true\">romanas<\/a>, que fueron dejando a la cortina, a un lado durante algunos a\u00f1os.<\/span><\/p>\n<p data-uw-styling-context=\"true\"><span style=\"color: #333333;\">Hoy en d\u00eda, la cortina tradicional vuelve con mucha fuerza, y llega acompa\u00f1ada de cambios importantes que las hacen ver modernas y frescas. La principal renovaci\u00f3n del producto se da gracias al desarrollo de un nuevo sistema, con el cual la tela cae con ondas tipo ola, las cuales se ven delicadas, livianas y armoniosas. Por otra parte, la renovaci\u00f3n del producto llega acompa\u00f1ada de unas colecciones de telas en materiales novedosos y que van de acuerdo a las tendencias de decoraci\u00f3n a nivel mundial.<\/span><\/p>\n<\/div>\n<\/div>\n<\/div>\n<\/div>\n<\/div>\n<\/div>\n<\/div>\n<\/div>\n<p>[\/vc_column_text][g5element_space spacing=&#8221;45&#8243; spacing_md=&#8221;75&#8243;][\/vc_column][vc_column][g5element_space spacing=&#8221;80&#8243; spacing_md=&#8221;60&#8243;][g5element_gallery layout=&#8221;masonry-2&#8243; images=&#8221;3238,3239,3240,3241,3242,3243&#8243;][\/vc_column][vc_column el_class=&#8221;lg-col-pd-left-right-15&#8243; css=&#8221;.vc_custom_1620201097599{padding-right: 90px !important;padding-left: 90px !important;}&#8221; offset=&#8221;vc_col-lg-offset-1 vc_col-lg-10 vc_col-md-12&#8243;][g5element_space spacing=&#8221;45&#8243; spacing_md=&#8221;75&#8243;][g5element_heading layout_style=&#8221;style-02&#8243; title=&#8221;Cat\u00e1logos&#8221; title_typography=&#8221;%7B%22font_family%22%3A%22%22%2C%22font_weight%22%3A%22%22%2C%22font_style%22%3A%22%22%2C%22font_size_lg%22%3A%2240%22%2C%22font_size_md%22%3A%22%22%2C%22font_size_sm%22%3A%22%22%2C%22font_size_xs%22%3A%2232%22%2C%22align%22%3A%22%22%2C%22text_transform%22%3A%22%22%2C%22line_height%22%3A%221.5%22%2C%22letter_spacing%22%3A%22%22%2C%22color%22%3A%22%22%2C%22hover_color%22%3A%22%22%7D&#8221;][g5element_space spacing=&#8221;23&#8243;][vc_column_text]<\/p>\n<h4><a href=\"https:\/\/tendenciascortinasypersianas.com\/1\/wp-content\/uploads\/2022\/01\/CATALOGO-CORTINA-ONDA-SERENA-1.pdf\">Ver Cat\u00e1logo de Cortina Onda Serena<\/a><\/h4>\n<h4><a href=\"https:\/\/tendenciascortinasypersianas.com\/1\/?page_id=3128\"><span style=\"color: #ff6600;\">Guia para la Toma de Medidas<\/span><\/a><\/h4>\n<p>[\/vc_column_text][\/vc_column][\/vc_row][vc_row][vc_column][g5element_space spacing=&#8221;55&#8243; spacing_md=&#8221;75&#8243;][g5element_heading layout_style=&#8221;style-02&#8243; title=&#8221;\u00bfDeseas Cotizar?&#8221; title_typography=&#8221;%7B%22font_family%22%3A%22%22%2C%22font_weight%22%3A%22%22%2C%22font_style%22%3A%22%22%2C%22font_size_lg%22%3A%2240%22%2C%22font_size_md%22%3A%22%22%2C%22font_size_sm%22%3A%22%22%2C%22font_size_xs%22%3A%2232%22%2C%22align%22%3A%22%22%2C%22text_transform%22%3A%22%22%2C%22line_height%22%3A%221.5%22%2C%22letter_spacing%22%3A%22%22%2C%22color%22%3A%22%22%2C%22hover_color%22%3A%22%22%7D&#8221;][ninja_form id=&#8221;2&#8243;][\/vc_column][\/vc_row]<\/p>\n","protected":false},"excerpt":{"rendered":"<p>[vc_row][vc_column offset=&#8221;vc_col-lg-offset-1 vc_col-lg-10 vc_col-md-12&#8243; el_class=&#8221;lg-col-pd-left-right-15&#8243; css=&#8221;.vc_custom_1620197640542{padding-right: 85px !important;padding-left: 85px !important;}&#8221;][vc_column_text css=&#8221;.vc_custom_1642554559865{margin-bottom: 0px !important;}&#8221;] Las cortinas cl\u00e1sicas regresan, con m\u00e1s elegancia que nunca, para hacer parte de la decoraci\u00f3n moderna y convertirse en un protagonista de los espacios. Las cortinas tradicionales fueron, durante muchas d\u00e9cadas el producto m\u00e1s popular en el cubrimiento de ventanas, hasta que [&hellip;]<\/p>\n","protected":false},"author":1,"featured_media":0,"parent":0,"menu_order":0,"comment_status":"closed","ping_status":"closed","template":"","meta":{"footnotes":""},"class_list":["post-3237","page","type-page","status-publish","hentry"],"_links":{"self":[{"href":"https:\/\/tendenciascortinasypersianas.com\/1\/wp-json\/wp\/v2\/pages\/3237","targetHints":{"allow":["GET"]}}],"collection":[{"href":"https:\/\/tendenciascortinasypersianas.com\/1\/wp-json\/wp\/v2\/pages"}],"about":[{"href":"https:\/\/tendenciascortinasypersianas.com\/1\/wp-json\/wp\/v2\/types\/page"}],"author":[{"embeddable":true,"href":"https:\/\/tendenciascortinasypersianas.com\/1\/wp-json\/wp\/v2\/users\/1"}],"replies":[{"embeddable":true,"href":"https:\/\/tendenciascortinasypersianas.com\/1\/wp-json\/wp\/v2\/comments?post=3237"}],"version-history":[{"count":4,"href":"https:\/\/tendenciascortinasypersianas.com\/1\/wp-json\/wp\/v2\/pages\/3237\/revisions"}],"predecessor-version":[{"id":3383,"href":"https:\/\/tendenciascortinasypersianas.com\/1\/wp-json\/wp\/v2\/pages\/3237\/revisions\/3383"}],"wp:attachment":[{"href":"https:\/\/tendenciascortinasypersianas.com\/1\/wp-json\/wp\/v2\/media?parent=3237"}],"curies":[{"name":"wp","href":"https:\/\/api.w.org\/{rel}","templated":true}]}}