{"id":3194,"date":"2022-01-18T16:15:41","date_gmt":"2022-01-18T16:15:41","guid":{"rendered":"http:\/\/tendenciascortinasypersianas.com\/1\/?page_id=3194"},"modified":"2022-01-18T16:15:41","modified_gmt":"2022-01-18T16:15:41","slug":"cortinas-romanas","status":"publish","type":"page","link":"https:\/\/tendenciascortinasypersianas.com\/1\/cortinas-romanas\/","title":{"rendered":"Cortinas Romanas"},"content":{"rendered":"<p>[vc_row][vc_column offset=&#8221;vc_col-lg-offset-1 vc_col-lg-10 vc_col-md-12&#8243; el_class=&#8221;lg-col-pd-left-right-15&#8243; css=&#8221;.vc_custom_1620197640542{padding-right: 85px !important;padding-left: 85px !important;}&#8221;][vc_video link=&#8221;https:\/\/www.youtube.com\/watch?v=_6IA0F6Sk6I&#8221;][g5element_space spacing=&#8221;45&#8243; spacing_md=&#8221;75&#8243;][vc_column_text css=&#8221;.vc_custom_1642522292515{margin-bottom: 0px !important;}&#8221;]<\/p>\n<div class=\"elementor-element elementor-element-9da1cb2 elementor-blockquote--skin-border elementor-blockquote--button-color-official elementor-widget elementor-widget-blockquote\" data-id=\"9da1cb2\" data-element_type=\"widget\" data-widget_type=\"blockquote.default\">\n<div class=\"elementor-widget-container\">\n<div class=\"elementor-element elementor-element-14ded3d elementor-blockquote--skin-border elementor-blockquote--button-color-official elementor-widget elementor-widget-blockquote\" data-id=\"14ded3d\" data-element_type=\"widget\" data-widget_type=\"blockquote.default\">\n<div class=\"elementor-widget-container\">\n<div class=\"elementor-element elementor-element-5a078c3 elementor-blockquote--skin-border elementor-blockquote--button-color-official elementor-widget elementor-widget-blockquote\" data-id=\"5a078c3\" data-element_type=\"widget\" data-widget_type=\"blockquote.default\">\n<div class=\"elementor-widget-container\">\n<div class=\"elementor-element elementor-element-ee89f40 elementor-blockquote--skin-border elementor-blockquote--button-color-official elementor-widget elementor-widget-blockquote\" data-id=\"ee89f40\" data-element_type=\"widget\" data-widget_type=\"blockquote.default\">\n<div class=\"elementor-widget-container\">\n<p class=\"elementor-blockquote__content\"><span style=\"color: #333333;\">La l\u00ednea de Romanas es la integraci\u00f3n de un dise\u00f1o cl\u00e1sico a espacios c\u00e1lidos y acogedores. Es ideal para los ambientes de quienes buscan combinar espacios modernos con un estilo tradicional y decorativo.<\/span><\/p>\n<\/div>\n<\/div>\n<div class=\"elementor-element elementor-element-57802f5 elementor-widget elementor-widget-text-editor\" data-id=\"57802f5\" data-element_type=\"widget\" data-widget_type=\"text-editor.default\">\n<div class=\"elementor-widget-container\">\n<div class=\"elementor-text-editor elementor-clearfix\">\n<div data-packed=\"true\">\n<p class=\"font_8\"><span style=\"color: #333333;\">El tejido, ya sea screen, Decorativo, o Black-out se divide en pliegues horizontales los cuales se recogen a medida que la cortina se va subiendo y se despliegan a medida que la cortina va bajando. Los pliegues\u00a0se dividen por perfiles delgados de aluminio los cuales evitan las costuras sobre la tela.<\/span><\/p>\n<p class=\"font_8\"><span style=\"color: #333333;\">Las puedes encontrar en dos presentaciones siendo la standard la que lleva cenefa en la misma tela que se elabora la cortina, y la omnirise la cual se identifica por el cabezal de lujo que tiene en la parte superior.<\/span><\/p>\n<p class=\"txt-product-description\"><span style=\"color: #333333;\">Las divisiones de los pliegues de nuestra cortinas Romanas se forman gracias a los perfiles de aluminio que \u00e9stas llevan por la cara de atr\u00e1s. Nuestros perfiles se destacan por ser delgados y estilizados y vienen en 5 colores que se coordinan con el color de la tela para darle al producto unidad est\u00e9tica creando cortinas elegantes.<\/span><\/p>\n<\/div>\n<\/div>\n<\/div>\n<\/div>\n<\/div>\n<\/div>\n<\/div>\n<\/div>\n<\/div>\n<\/div>\n<p>[\/vc_column_text][g5element_space spacing=&#8221;45&#8243; spacing_md=&#8221;75&#8243;][\/vc_column][vc_column][g5element_space spacing=&#8221;80&#8243; spacing_md=&#8221;60&#8243;][g5element_gallery layout=&#8221;masonry-2&#8243; images=&#8221;3195,3196,3197,3198,3199,3200&#8243;][\/vc_column][vc_column el_class=&#8221;lg-col-pd-left-right-15&#8243; css=&#8221;.vc_custom_1620201097599{padding-right: 90px !important;padding-left: 90px !important;}&#8221; offset=&#8221;vc_col-lg-offset-1 vc_col-lg-10 vc_col-md-12&#8243;][g5element_space spacing=&#8221;45&#8243; spacing_md=&#8221;75&#8243;][g5element_heading layout_style=&#8221;style-02&#8243; title=&#8221;Catalogos&#8221; title_typography=&#8221;%7B%22font_family%22%3A%22%22%2C%22font_weight%22%3A%22%22%2C%22font_style%22%3A%22%22%2C%22font_size_lg%22%3A%2240%22%2C%22font_size_md%22%3A%22%22%2C%22font_size_sm%22%3A%22%22%2C%22font_size_xs%22%3A%2232%22%2C%22align%22%3A%22%22%2C%22text_transform%22%3A%22%22%2C%22line_height%22%3A%221.5%22%2C%22letter_spacing%22%3A%22%22%2C%22color%22%3A%22%22%2C%22hover_color%22%3A%22%22%7D&#8221;][g5element_space spacing=&#8221;23&#8243;][vc_column_text]<\/p>\n<h4><a href=\"https:\/\/tendenciascortinasypersianas.com\/1\/?page_id=3154\">Ver Catalogo de Telas Poliester<\/a><br \/>\n<a href=\"https:\/\/tendenciascortinasypersianas.com\/1\/?page_id=3159\">Ver Catalogo de Telas Screen<\/a><br \/>\n<a href=\"https:\/\/tendenciascortinasypersianas.com\/1\/?page_id=3162\">Ver Catalogo de Cabezales<\/a><br \/>\n<a href=\"https:\/\/tendenciascortinasypersianas.com\/1\/?page_id=3164\">Dise\u00f1os para Estampar Persianas<\/a><br \/>\n<a href=\"https:\/\/tendenciascortinasypersianas.com\/1\/?page_id=3128\"><span style=\"color: #ff6600;\">Guia para la Toma de Medidas<\/span><\/a><\/h4>\n<p>[\/vc_column_text][\/vc_column][\/vc_row][vc_row][vc_column][g5element_space spacing=&#8221;55&#8243; spacing_md=&#8221;75&#8243;][g5element_heading layout_style=&#8221;style-02&#8243; title=&#8221;\u00bfDeseas Cotizar?&#8221; title_typography=&#8221;%7B%22font_family%22%3A%22%22%2C%22font_weight%22%3A%22%22%2C%22font_style%22%3A%22%22%2C%22font_size_lg%22%3A%2240%22%2C%22font_size_md%22%3A%22%22%2C%22font_size_sm%22%3A%22%22%2C%22font_size_xs%22%3A%2232%22%2C%22align%22%3A%22%22%2C%22text_transform%22%3A%22%22%2C%22line_height%22%3A%221.5%22%2C%22letter_spacing%22%3A%22%22%2C%22color%22%3A%22%22%2C%22hover_color%22%3A%22%22%7D&#8221;][ninja_form id=&#8221;2&#8243;][\/vc_column][\/vc_row]<\/p>\n","protected":false},"excerpt":{"rendered":"<p>[vc_row][vc_column offset=&#8221;vc_col-lg-offset-1 vc_col-lg-10 vc_col-md-12&#8243; el_class=&#8221;lg-col-pd-left-right-15&#8243; css=&#8221;.vc_custom_1620197640542{padding-right: 85px !important;padding-left: 85px !important;}&#8221;][vc_video link=&#8221;https:\/\/www.youtube.com\/watch?v=_6IA0F6Sk6I&#8221;][g5element_space spacing=&#8221;45&#8243; spacing_md=&#8221;75&#8243;][vc_column_text css=&#8221;.vc_custom_1642522292515{margin-bottom: 0px !important;}&#8221;] La l\u00ednea de Romanas es la integraci\u00f3n de un dise\u00f1o cl\u00e1sico a espacios c\u00e1lidos y acogedores. Es ideal para los ambientes de quienes buscan combinar espacios modernos con un estilo tradicional y decorativo. El tejido, ya sea screen, Decorativo, [&hellip;]<\/p>\n","protected":false},"author":1,"featured_media":0,"parent":0,"menu_order":0,"comment_status":"closed","ping_status":"closed","template":"","meta":{"footnotes":""},"class_list":["post-3194","page","type-page","status-publish","hentry"],"_links":{"self":[{"href":"https:\/\/tendenciascortinasypersianas.com\/1\/wp-json\/wp\/v2\/pages\/3194","targetHints":{"allow":["GET"]}}],"collection":[{"href":"https:\/\/tendenciascortinasypersianas.com\/1\/wp-json\/wp\/v2\/pages"}],"about":[{"href":"https:\/\/tendenciascortinasypersianas.com\/1\/wp-json\/wp\/v2\/types\/page"}],"author":[{"embeddable":true,"href":"https:\/\/tendenciascortinasypersianas.com\/1\/wp-json\/wp\/v2\/users\/1"}],"replies":[{"embeddable":true,"href":"https:\/\/tendenciascortinasypersianas.com\/1\/wp-json\/wp\/v2\/comments?post=3194"}],"version-history":[{"count":1,"href":"https:\/\/tendenciascortinasypersianas.com\/1\/wp-json\/wp\/v2\/pages\/3194\/revisions"}],"predecessor-version":[{"id":3201,"href":"https:\/\/tendenciascortinasypersianas.com\/1\/wp-json\/wp\/v2\/pages\/3194\/revisions\/3201"}],"wp:attachment":[{"href":"https:\/\/tendenciascortinasypersianas.com\/1\/wp-json\/wp\/v2\/media?parent=3194"}],"curies":[{"name":"wp","href":"https:\/\/api.w.org\/{rel}","templated":true}]}}