{"id":3186,"date":"2022-01-18T16:08:53","date_gmt":"2022-01-18T16:08:53","guid":{"rendered":"http:\/\/tendenciascortinasypersianas.com\/1\/?page_id=3186"},"modified":"2022-01-24T16:48:03","modified_gmt":"2022-01-24T16:48:03","slug":"persianas-sheer-elegance","status":"publish","type":"page","link":"https:\/\/tendenciascortinasypersianas.com\/1\/persianas-sheer-elegance\/","title":{"rendered":"Persianas Sheer Elegance"},"content":{"rendered":"<p>[vc_row][vc_column offset=&#8221;vc_col-lg-offset-1 vc_col-lg-10 vc_col-md-12&#8243; el_class=&#8221;lg-col-pd-left-right-15&#8243; css=&#8221;.vc_custom_1620197640542{padding-right: 85px !important;padding-left: 85px !important;}&#8221;][vc_video link=&#8221;https:\/\/www.youtube.com\/watch?v=YfgIfkQ49P0&#8243;][g5element_space spacing=&#8221;45&#8243; spacing_md=&#8221;75&#8243;][vc_column_text css=&#8221;.vc_custom_1642521449371{margin-bottom: 0px !important;}&#8221;]<\/p>\n<div class=\"elementor-element elementor-element-9da1cb2 elementor-blockquote--skin-border elementor-blockquote--button-color-official elementor-widget elementor-widget-blockquote\" data-id=\"9da1cb2\" data-element_type=\"widget\" data-widget_type=\"blockquote.default\">\n<div class=\"elementor-widget-container\">\n<div class=\"elementor-element elementor-element-14ded3d elementor-blockquote--skin-border elementor-blockquote--button-color-official elementor-widget elementor-widget-blockquote\" data-id=\"14ded3d\" data-element_type=\"widget\" data-widget_type=\"blockquote.default\">\n<div class=\"elementor-widget-container\">\n<div class=\"elementor-element elementor-element-5a078c3 elementor-blockquote--skin-border elementor-blockquote--button-color-official elementor-widget elementor-widget-blockquote\" data-id=\"5a078c3\" data-element_type=\"widget\" data-widget_type=\"blockquote.default\">\n<div class=\"elementor-widget-container\">\n<p class=\"elementor-blockquote__content\"><span style=\"color: #333333;\">Las cortinas Sheer tienen un innovador dise\u00f1o, moderno y a la vez elegante, ideal para quienes buscan dar un toque de distinci\u00f3n a sus ambientes.<\/span><\/p>\n<\/div>\n<\/div>\n<div class=\"elementor-element elementor-element-75f8902 elementor-widget elementor-widget-text-editor\" data-id=\"75f8902\" data-element_type=\"widget\" data-widget_type=\"text-editor.default\">\n<div class=\"elementor-widget-container\">\n<div class=\"elementor-text-editor elementor-clearfix\">\n<div data-packed=\"true\">\n<p><span style=\"color: #333333;\">La l\u00ednea Sheer de est\u00e1 compuesta por telones en tejidos opacos y en velo, que se intercalan horizontalmente y permiten un perfecto control del paso de luz.<\/span><\/p>\n<p><span style=\"color: #333333;\">La l\u00ednea Sheer viene con un cabezal de lujo en aluminio que cubre completamente el tubo y lleva un elegante perfil inferior, que dan a la cortina una terminaci\u00f3n perfectamente arm\u00f3nica, donde los accesorios son especialmente elegidos en coordinaci\u00f3n al color de la tela.<\/span><\/p>\n<div class=\"wpb_text_column wpb_content_element vc_custom_1599451913245\">\n<div class=\"wpb_wrapper\">\n<p class=\"txt-product-description\"><span style=\"color: #333333;\">El secreto de nuestras Sheer Elegance no s\u00f3lo est\u00e1 en la exclusiva y variada colecci\u00f3n de telas, sino en las caracter\u00edsticas \u00fanicas de nuestro sistema, entre las cuales vale la pena destacar el dise\u00f1o del cabezal que permite una ca\u00edda impecable de la tela, y el dise\u00f1o del perfil inferior que fue pensado para acercar la tela de adelante a la de atr\u00e1s, lo cual se traduce en un \u00f3ptimo cierre.<\/span><\/p>\n<\/div>\n<\/div>\n<div id=\"modal-trg-txt-wrap-1221\" class=\"ult-modal-input-wrapper ult-adjust-bottom-margin \" data-keypress-control=\"keypress-control-enable\" data-overlay-control=\"overlay-control-enable\"><\/div>\n<\/div>\n<\/div>\n<\/div>\n<\/div>\n<\/div>\n<\/div>\n<\/div>\n<\/div>\n<p>[\/vc_column_text][\/vc_column][vc_column][g5element_space spacing=&#8221;80&#8243; spacing_md=&#8221;60&#8243;][g5element_gallery layout=&#8221;masonry-2&#8243; images=&#8221;3187,3188,3189,3190,3191,3192&#8243;][\/vc_column][vc_column el_class=&#8221;lg-col-pd-left-right-15&#8243; css=&#8221;.vc_custom_1620201097599{padding-right: 90px !important;padding-left: 90px !important;}&#8221; offset=&#8221;vc_col-lg-offset-1 vc_col-lg-10 vc_col-md-12&#8243;][g5element_space spacing=&#8221;45&#8243; spacing_md=&#8221;75&#8243;][g5element_heading layout_style=&#8221;style-02&#8243; title=&#8221;Cat\u00e1logos&#8221; title_typography=&#8221;%7B%22font_family%22%3A%22%22%2C%22font_weight%22%3A%22%22%2C%22font_style%22%3A%22%22%2C%22font_size_lg%22%3A%2240%22%2C%22font_size_md%22%3A%22%22%2C%22font_size_sm%22%3A%22%22%2C%22font_size_xs%22%3A%2232%22%2C%22align%22%3A%22%22%2C%22text_transform%22%3A%22%22%2C%22line_height%22%3A%221.5%22%2C%22letter_spacing%22%3A%22%22%2C%22color%22%3A%22%22%2C%22hover_color%22%3A%22%22%7D&#8221;][g5element_space spacing=&#8221;23&#8243;][vc_column_text]<\/p>\n<ul>\n<li>\n<h4><a href=\"http:\/\/persianasbuga.com\/cat\/sheer\/COLECCI%c3%93N%20BLACKOUT.pdf\">Ver Cat\u00e1logo Blackout<\/a><\/h4>\n<\/li>\n<li>\n<h4><a href=\"http:\/\/persianasbuga.com\/cat\/sheer\/COLECCI%c3%93N%20POLIESTER.pdf\">Ver Cat\u00e1logo Poliester<\/a><\/h4>\n<\/li>\n<li>\n<h4><a href=\"http:\/\/persianasbuga.com\/cat\/sheer\/COLECCI%c3%93N%20SCREEN.pdf\">Ver Cat\u00e1logo Screen<\/a><\/h4>\n<\/li>\n<\/ul>\n<h4><a href=\"https:\/\/tendenciascortinasypersianas.com\/1\/?page_id=3128\"><span style=\"color: #ff6600;\">Gu\u00eda para la Toma de Medidas<\/span><\/a><\/h4>\n<p>[\/vc_column_text][\/vc_column][\/vc_row][vc_row][vc_column][g5element_space spacing=&#8221;55&#8243; spacing_md=&#8221;75&#8243;][g5element_heading layout_style=&#8221;style-02&#8243; title=&#8221;\u00bfDeseas Cotizar?&#8221; title_typography=&#8221;%7B%22font_family%22%3A%22%22%2C%22font_weight%22%3A%22%22%2C%22font_style%22%3A%22%22%2C%22font_size_lg%22%3A%2240%22%2C%22font_size_md%22%3A%22%22%2C%22font_size_sm%22%3A%22%22%2C%22font_size_xs%22%3A%2232%22%2C%22align%22%3A%22%22%2C%22text_transform%22%3A%22%22%2C%22line_height%22%3A%221.5%22%2C%22letter_spacing%22%3A%22%22%2C%22color%22%3A%22%22%2C%22hover_color%22%3A%22%22%7D&#8221;][ninja_form id=&#8221;2&#8243;][\/vc_column][\/vc_row]<\/p>\n","protected":false},"excerpt":{"rendered":"<p>[vc_row][vc_column offset=&#8221;vc_col-lg-offset-1 vc_col-lg-10 vc_col-md-12&#8243; el_class=&#8221;lg-col-pd-left-right-15&#8243; css=&#8221;.vc_custom_1620197640542{padding-right: 85px !important;padding-left: 85px !important;}&#8221;][vc_video link=&#8221;https:\/\/www.youtube.com\/watch?v=YfgIfkQ49P0&#8243;][g5element_space spacing=&#8221;45&#8243; spacing_md=&#8221;75&#8243;][vc_column_text css=&#8221;.vc_custom_1642521449371{margin-bottom: 0px !important;}&#8221;] Las cortinas Sheer tienen un innovador dise\u00f1o, moderno y a la vez elegante, ideal para quienes buscan dar un toque de distinci\u00f3n a sus ambientes. La l\u00ednea Sheer de est\u00e1 compuesta por telones en tejidos opacos y en velo, [&hellip;]<\/p>\n","protected":false},"author":1,"featured_media":0,"parent":0,"menu_order":0,"comment_status":"closed","ping_status":"closed","template":"","meta":{"footnotes":""},"class_list":["post-3186","page","type-page","status-publish","hentry"],"_links":{"self":[{"href":"https:\/\/tendenciascortinasypersianas.com\/1\/wp-json\/wp\/v2\/pages\/3186","targetHints":{"allow":["GET"]}}],"collection":[{"href":"https:\/\/tendenciascortinasypersianas.com\/1\/wp-json\/wp\/v2\/pages"}],"about":[{"href":"https:\/\/tendenciascortinasypersianas.com\/1\/wp-json\/wp\/v2\/types\/page"}],"author":[{"embeddable":true,"href":"https:\/\/tendenciascortinasypersianas.com\/1\/wp-json\/wp\/v2\/users\/1"}],"replies":[{"embeddable":true,"href":"https:\/\/tendenciascortinasypersianas.com\/1\/wp-json\/wp\/v2\/comments?post=3186"}],"version-history":[{"count":4,"href":"https:\/\/tendenciascortinasypersianas.com\/1\/wp-json\/wp\/v2\/pages\/3186\/revisions"}],"predecessor-version":[{"id":3366,"href":"https:\/\/tendenciascortinasypersianas.com\/1\/wp-json\/wp\/v2\/pages\/3186\/revisions\/3366"}],"wp:attachment":[{"href":"https:\/\/tendenciascortinasypersianas.com\/1\/wp-json\/wp\/v2\/media?parent=3186"}],"curies":[{"name":"wp","href":"https:\/\/api.w.org\/{rel}","templated":true}]}}