{"id":3176,"date":"2022-01-18T15:30:44","date_gmt":"2022-01-18T15:30:44","guid":{"rendered":"http:\/\/tendenciascortinasypersianas.com\/1\/?page_id=3176"},"modified":"2022-01-25T00:45:06","modified_gmt":"2022-01-25T00:45:06","slug":"panel-japones","status":"publish","type":"page","link":"https:\/\/tendenciascortinasypersianas.com\/1\/panel-japones\/","title":{"rendered":"Panel Japones"},"content":{"rendered":"<p>[vc_row][vc_column offset=&#8221;vc_col-lg-offset-1 vc_col-lg-10 vc_col-md-12&#8243; el_class=&#8221;lg-col-pd-left-right-15&#8243; css=&#8221;.vc_custom_1620197640542{padding-right: 85px !important;padding-left: 85px !important;}&#8221;][vc_video link=&#8221;https:\/\/www.youtube.com\/watch?v=Ukxaj7-MVns&#8221;][g5element_space spacing=&#8221;45&#8243; spacing_md=&#8221;75&#8243;][vc_column_text css=&#8221;.vc_custom_1642520560486{margin-bottom: 0px !important;}&#8221;]<\/p>\n<div class=\"elementor-element elementor-element-9da1cb2 elementor-blockquote--skin-border elementor-blockquote--button-color-official elementor-widget elementor-widget-blockquote\" data-id=\"9da1cb2\" data-element_type=\"widget\" data-widget_type=\"blockquote.default\">\n<div class=\"elementor-widget-container\">\n<div class=\"elementor-element elementor-element-14ded3d elementor-blockquote--skin-border elementor-blockquote--button-color-official elementor-widget elementor-widget-blockquote\" data-id=\"14ded3d\" data-element_type=\"widget\" data-widget_type=\"blockquote.default\">\n<div class=\"elementor-widget-container\">\n<p class=\"elementor-blockquote__content\"><span style=\"color: #333333;\">La l\u00ednea de Panel Japon\u00e9s define tendencias. Tiene un dise\u00f1o moderno y vers\u00e1til, que se adapta de manera impecable a cada ambiente.<\/span><\/p>\n<\/div>\n<\/div>\n<div class=\"elementor-element elementor-element-19eb005 elementor-widget elementor-widget-text-editor\" data-id=\"19eb005\" data-element_type=\"widget\" data-widget_type=\"text-editor.default\">\n<div class=\"elementor-widget-container\">\n<div class=\"elementor-text-editor elementor-clearfix\">\n<div data-packed=\"true\">\n<p class=\"font_8\"><span style=\"color: #333333;\">La cortina Panel Japones esta dise\u00f1ada especial mente para el cubrimiento de puertas ventanas, el cual cuenta un delgado riel con diferentes v\u00edas\u00a0para garantizar el cubrimiento de los diferentes espacios las telas se pueden desplazar en el riel para generar privacidad en el espacio\u00a0en el que se usa.<\/span><\/p>\n<\/div>\n<p class=\"txt-product-description\"><span style=\"color: #333333;\">Est\u00e9ticamente, el panel Japon\u00e9s llaman la atenci\u00f3n por sus finas l\u00edneas y el poco espacio que ocupa en la instalaci\u00f3n lo cual se traduce en un producto de un alto nivel decorativo.<\/span><\/p>\n<p class=\"txt-product-description\"><span style=\"color: #333333;\">El riel sumado al amplio portafolio de telas que manejamos, nuestro soporte y\u00a0<a style=\"color: #333333;\" href=\"https:\/\/www.persianaspentagrama.com\/garantias-persianas-pentagrama\/\">garant\u00eda<\/a>, dan como resultado un producto exclusivo y funcional.<\/span><\/p>\n<div data-packed=\"true\">\n<p class=\"font_8\"><span style=\"color: #333333;\">La cortina Panel Japones se puede usar en accionamiento manual o motorizado para la comodidad de cada cliente.<\/span><\/p>\n<\/div>\n<\/div>\n<\/div>\n<\/div>\n<\/div>\n<\/div>\n<p>[\/vc_column_text][g5element_space spacing=&#8221;45&#8243; spacing_md=&#8221;75&#8243;][\/vc_column][vc_column][g5element_space spacing=&#8221;80&#8243; spacing_md=&#8221;60&#8243;][g5element_gallery layout=&#8221;masonry-2&#8243; images=&#8221;3179,3180,3181,3182,3183,3184&#8243;][\/vc_column][vc_column el_class=&#8221;lg-col-pd-left-right-15&#8243; css=&#8221;.vc_custom_1620201097599{padding-right: 90px !important;padding-left: 90px !important;}&#8221; offset=&#8221;vc_col-lg-offset-1 vc_col-lg-10 vc_col-md-12&#8243;][g5element_space spacing=&#8221;45&#8243; spacing_md=&#8221;75&#8243;][g5element_heading layout_style=&#8221;style-02&#8243; title=&#8221;Cat\u00e1logos&#8221; title_typography=&#8221;%7B%22font_family%22%3A%22%22%2C%22font_weight%22%3A%22%22%2C%22font_style%22%3A%22%22%2C%22font_size_lg%22%3A%2240%22%2C%22font_size_md%22%3A%22%22%2C%22font_size_sm%22%3A%22%22%2C%22font_size_xs%22%3A%2232%22%2C%22align%22%3A%22%22%2C%22text_transform%22%3A%22%22%2C%22line_height%22%3A%221.5%22%2C%22letter_spacing%22%3A%22%22%2C%22color%22%3A%22%22%2C%22hover_color%22%3A%22%22%7D&#8221;][g5element_space spacing=&#8221;23&#8243;][vc_column_text]<\/p>\n<h4><a href=\"https:\/\/tendenciascortinasypersianas.com\/1\/?page_id=3154\">Ver Cat\u00e1logo de Telas Poliester<\/a><br \/>\n<a href=\"https:\/\/tendenciascortinasypersianas.com\/1\/?page_id=3159\">Ver Cat\u00e1logo de Telas Screen<\/a><br \/>\n<a href=\"https:\/\/tendenciascortinasypersianas.com\/1\/?page_id=3162\">Ver Cat\u00e1alogo de Cabezales<\/a><br \/>\n<a href=\"https:\/\/tendenciascortinasypersianas.com\/1\/?page_id=3164\">Dise\u00f1os para Estampar Persianas<\/a><br \/>\n<a href=\"https:\/\/tendenciascortinasypersianas.com\/1\/?page_id=3128\"><span style=\"color: #ff6600;\">Gu\u00eda para la Toma de Medidas<\/span><\/a><\/h4>\n<p>[\/vc_column_text][\/vc_column][\/vc_row][vc_row][vc_column][g5element_space spacing=&#8221;55&#8243; spacing_md=&#8221;75&#8243;][g5element_heading layout_style=&#8221;style-02&#8243; title=&#8221;\u00bfDeseas Cotizar?&#8221; title_typography=&#8221;%7B%22font_family%22%3A%22%22%2C%22font_weight%22%3A%22%22%2C%22font_style%22%3A%22%22%2C%22font_size_lg%22%3A%2240%22%2C%22font_size_md%22%3A%22%22%2C%22font_size_sm%22%3A%22%22%2C%22font_size_xs%22%3A%2232%22%2C%22align%22%3A%22%22%2C%22text_transform%22%3A%22%22%2C%22line_height%22%3A%221.5%22%2C%22letter_spacing%22%3A%22%22%2C%22color%22%3A%22%22%2C%22hover_color%22%3A%22%22%7D&#8221;][ninja_form id=&#8221;2&#8243;][\/vc_column][\/vc_row]<\/p>\n","protected":false},"excerpt":{"rendered":"<p>[vc_row][vc_column offset=&#8221;vc_col-lg-offset-1 vc_col-lg-10 vc_col-md-12&#8243; el_class=&#8221;lg-col-pd-left-right-15&#8243; css=&#8221;.vc_custom_1620197640542{padding-right: 85px !important;padding-left: 85px !important;}&#8221;][vc_video link=&#8221;https:\/\/www.youtube.com\/watch?v=Ukxaj7-MVns&#8221;][g5element_space spacing=&#8221;45&#8243; spacing_md=&#8221;75&#8243;][vc_column_text css=&#8221;.vc_custom_1642520560486{margin-bottom: 0px !important;}&#8221;] La l\u00ednea de Panel Japon\u00e9s define tendencias. Tiene un dise\u00f1o moderno y vers\u00e1til, que se adapta de manera impecable a cada ambiente. La cortina Panel Japones esta dise\u00f1ada especial mente para el cubrimiento de puertas ventanas, el cual cuenta [&hellip;]<\/p>\n","protected":false},"author":1,"featured_media":0,"parent":0,"menu_order":0,"comment_status":"closed","ping_status":"closed","template":"","meta":{"footnotes":""},"class_list":["post-3176","page","type-page","status-publish","hentry"],"_links":{"self":[{"href":"https:\/\/tendenciascortinasypersianas.com\/1\/wp-json\/wp\/v2\/pages\/3176","targetHints":{"allow":["GET"]}}],"collection":[{"href":"https:\/\/tendenciascortinasypersianas.com\/1\/wp-json\/wp\/v2\/pages"}],"about":[{"href":"https:\/\/tendenciascortinasypersianas.com\/1\/wp-json\/wp\/v2\/types\/page"}],"author":[{"embeddable":true,"href":"https:\/\/tendenciascortinasypersianas.com\/1\/wp-json\/wp\/v2\/users\/1"}],"replies":[{"embeddable":true,"href":"https:\/\/tendenciascortinasypersianas.com\/1\/wp-json\/wp\/v2\/comments?post=3176"}],"version-history":[{"count":4,"href":"https:\/\/tendenciascortinasypersianas.com\/1\/wp-json\/wp\/v2\/pages\/3176\/revisions"}],"predecessor-version":[{"id":3376,"href":"https:\/\/tendenciascortinasypersianas.com\/1\/wp-json\/wp\/v2\/pages\/3176\/revisions\/3376"}],"wp:attachment":[{"href":"https:\/\/tendenciascortinasypersianas.com\/1\/wp-json\/wp\/v2\/media?parent=3176"}],"curies":[{"name":"wp","href":"https:\/\/api.w.org\/{rel}","templated":true}]}}